{"id":1440,"date":"2026-04-27T13:05:37","date_gmt":"2026-04-27T13:05:37","guid":{"rendered":"https:\/\/portal.icolabora.com.br\/?page_id=1440"},"modified":"2026-04-27T13:32:34","modified_gmt":"2026-04-27T13:32:34","slug":"clientes","status":"publish","type":"page","link":"https:\/\/portal.icolabora.com.br\/en\/clientes\/","title":{"rendered":"Customers"},"content":{"rendered":"<div data-elementor-type=\"wp-page\" data-elementor-id=\"1440\" class=\"elementor elementor-1440\">\n\t\t\t\t\t\t\t\t\t<section class=\"elementor-section elementor-top-section elementor-element elementor-element-5d56d54f submenu-icolabora elementor-section-boxed elementor-section-height-default elementor-section-height-default\" data-id=\"5d56d54f\" data-element_type=\"section\" data-settings=\"{&quot;background_background&quot;:&quot;classic&quot;,&quot;background_motion_fx_motion_fx_scrolling&quot;:&quot;yes&quot;,&quot;background_motion_fx_translateY_effect&quot;:&quot;yes&quot;,&quot;background_motion_fx_translateY_speed&quot;:{&quot;unit&quot;:&quot;px&quot;,&quot;size&quot;:2.8,&quot;sizes&quot;:[]},&quot;background_motion_fx_translateY_affectedRange&quot;:{&quot;unit&quot;:&quot;%&quot;,&quot;size&quot;:&quot;&quot;,&quot;sizes&quot;:{&quot;start&quot;:0,&quot;end&quot;:100}},&quot;background_motion_fx_devices&quot;:[&quot;desktop&quot;,&quot;tablet&quot;,&quot;mobile&quot;]}\">\n\t\t\t\t\t\t<div class=\"elementor-container elementor-column-gap-default\">\n\t\t\t\t\t<div class=\"elementor-column elementor-col-100 elementor-top-column elementor-element elementor-element-7eac4f40\" data-id=\"7eac4f40\" data-element_type=\"column\">\n\t\t\t<div class=\"elementor-widget-wrap elementor-element-populated\">\n\t\t\t\t\t\t\t\t<section class=\"elementor-section elementor-inner-section elementor-element elementor-element-44e7beb3 elementor-section-boxed elementor-section-height-default elementor-section-height-default\" data-id=\"44e7beb3\" data-element_type=\"section\">\n\t\t\t\t\t\t<div class=\"elementor-container elementor-column-gap-default\">\n\t\t\t\t\t<div class=\"elementor-column elementor-col-100 elementor-inner-column elementor-element elementor-element-4c15280f\" data-id=\"4c15280f\" data-element_type=\"column\">\n\t\t\t<div class=\"elementor-widget-wrap elementor-element-populated\">\n\t\t\t\t\t\t\t\t<div class=\"elementor-element elementor-element-66fe77c4 elementor-nav-menu__align-justify submenu-icolabora elementor-nav-menu--dropdown-none elementor-widget elementor-widget-nav-menu\" data-id=\"66fe77c4\" data-element_type=\"widget\" data-settings=\"{&quot;submenu_icon&quot;:{&quot;value&quot;:&quot;&lt;i class=\\&quot;\\&quot;&gt;&lt;\\\/i&gt;&quot;,&quot;library&quot;:&quot;&quot;},&quot;layout&quot;:&quot;horizontal&quot;}\" data-widget_type=\"nav-menu.default\">\n\t\t\t\t<div class=\"elementor-widget-container\">\n\t\t\t<link rel=\"stylesheet\" href=\"https:\/\/portal.icolabora.com.br\/wp-content\/plugins\/elementor-pro\/assets\/css\/widget-nav-menu.min.css\">\t\t\t<nav class=\"elementor-nav-menu--main elementor-nav-menu__container elementor-nav-menu--layout-horizontal e--pointer-background e--animation-fade\">\n\t\t\t\t<ul id=\"menu-1-66fe77c4\" class=\"elementor-nav-menu\"><li class=\"menu-item menu-item-type-post_type menu-item-object-page menu-item-home menu-item-1241\"><a href=\"https:\/\/portal.icolabora.com.br\/en\/\" class=\"elementor-item\">Platform<\/a><\/li>\n<li class=\"menu-item menu-item-type-post_type menu-item-object-page menu-item-1242\"><a href=\"https:\/\/portal.icolabora.com.br\/en\/ferramentas-de-transformacao\/\" class=\"elementor-item\">Transformation tools<\/a><\/li>\n<li class=\"menu-item menu-item-type-post_type menu-item-object-page menu-item-1243\"><a href=\"https:\/\/portal.icolabora.com.br\/en\/parceiros\/\" class=\"elementor-item\">Partners<\/a><\/li>\n<li class=\"menu-item menu-item-type-post_type menu-item-object-page menu-item-1448\"><a href=\"https:\/\/portal.icolabora.com.br\/en\/clientes\/\" class=\"elementor-item\">Customers<\/a><\/li>\n<\/ul>\t\t\t<\/nav>\n\t\t\t\t\t\t<nav class=\"elementor-nav-menu--dropdown elementor-nav-menu__container\" aria-hidden=\"true\">\n\t\t\t\t<ul id=\"menu-2-66fe77c4\" class=\"elementor-nav-menu\"><li class=\"menu-item menu-item-type-post_type menu-item-object-page menu-item-home menu-item-1241\"><a href=\"https:\/\/portal.icolabora.com.br\/en\/\" class=\"elementor-item\" tabindex=\"-1\">Platform<\/a><\/li>\n<li class=\"menu-item menu-item-type-post_type menu-item-object-page menu-item-1242\"><a href=\"https:\/\/portal.icolabora.com.br\/en\/ferramentas-de-transformacao\/\" class=\"elementor-item\" tabindex=\"-1\">Transformation tools<\/a><\/li>\n<li class=\"menu-item menu-item-type-post_type menu-item-object-page menu-item-1243\"><a href=\"https:\/\/portal.icolabora.com.br\/en\/parceiros\/\" class=\"elementor-item\" tabindex=\"-1\">Partners<\/a><\/li>\n<li class=\"menu-item menu-item-type-post_type menu-item-object-page menu-item-1448\"><a href=\"https:\/\/portal.icolabora.com.br\/en\/clientes\/\" class=\"elementor-item\" tabindex=\"-1\">Customers<\/a><\/li>\n<\/ul>\t\t\t<\/nav>\n\t\t\t\t<\/div>\n\t\t\t\t<\/div>\n\t\t\t\t\t<\/div>\n\t\t<\/div>\n\t\t\t\t\t\t\t<\/div>\n\t\t<\/section>\n\t\t\t\t\t<\/div>\n\t\t<\/div>\n\t\t\t\t\t\t\t<\/div>\n\t\t<\/section>\n\t\t\t\t<section class=\"elementor-section elementor-top-section elementor-element elementor-element-7c1fda16 elementor-section-boxed elementor-section-height-default elementor-section-height-default\" data-id=\"7c1fda16\" data-element_type=\"section\" data-settings=\"{&quot;background_background&quot;:&quot;classic&quot;,&quot;background_motion_fx_motion_fx_scrolling&quot;:&quot;yes&quot;,&quot;background_motion_fx_translateY_effect&quot;:&quot;yes&quot;,&quot;background_motion_fx_translateY_speed&quot;:{&quot;unit&quot;:&quot;px&quot;,&quot;size&quot;:1.2,&quot;sizes&quot;:[]},&quot;background_motion_fx_translateY_affectedRange&quot;:{&quot;unit&quot;:&quot;%&quot;,&quot;size&quot;:&quot;&quot;,&quot;sizes&quot;:{&quot;start&quot;:17,&quot;end&quot;:100}},&quot;background_motion_fx_devices&quot;:[&quot;desktop&quot;,&quot;tablet&quot;,&quot;mobile&quot;]}\">\n\t\t\t\t\t\t<div class=\"elementor-container elementor-column-gap-default\">\n\t\t\t\t\t<div class=\"elementor-column elementor-col-100 elementor-top-column elementor-element elementor-element-66834a6a\" data-id=\"66834a6a\" data-element_type=\"column\">\n\t\t\t<div class=\"elementor-widget-wrap elementor-element-populated\">\n\t\t\t\t\t\t\t\t<section class=\"elementor-section elementor-inner-section elementor-element elementor-element-6ceba038 elementor-section-boxed elementor-section-height-default elementor-section-height-default\" data-id=\"6ceba038\" data-element_type=\"section\">\n\t\t\t\t\t\t<div class=\"elementor-container elementor-column-gap-default\">\n\t\t\t\t\t<div class=\"elementor-column elementor-col-50 elementor-inner-column elementor-element elementor-element-1064e195\" data-id=\"1064e195\" data-element_type=\"column\">\n\t\t\t<div class=\"elementor-widget-wrap\">\n\t\t\t\t\t\t\t\t\t<\/div>\n\t\t<\/div>\n\t\t\t\t<div class=\"elementor-column elementor-col-50 elementor-inner-column elementor-element elementor-element-e971feb\" data-id=\"e971feb\" data-element_type=\"column\" data-settings=\"{&quot;background_background&quot;:&quot;classic&quot;}\">\n\t\t\t<div class=\"elementor-widget-wrap elementor-element-populated\">\n\t\t\t\t\t\t\t\t<div class=\"elementor-element elementor-element-774762f3 elementor-widget elementor-widget-heading\" data-id=\"774762f3\" data-element_type=\"widget\" data-widget_type=\"heading.default\">\n\t\t\t\t<div class=\"elementor-widget-container\">\n\t\t\t<style>\/*! elementor - v3.13.1 - 09-05-2023 *\/\n.elementor-heading-title{padding:0;margin:0;line-height:1}.elementor-widget-heading .elementor-heading-title[class*=elementor-size-]>a{color:inherit;font-size:inherit;line-height:inherit}.elementor-widget-heading .elementor-heading-title.elementor-size-small{font-size:15px}.elementor-widget-heading .elementor-heading-title.elementor-size-medium{font-size:19px}.elementor-widget-heading .elementor-heading-title.elementor-size-large{font-size:29px}.elementor-widget-heading .elementor-heading-title.elementor-size-xl{font-size:39px}.elementor-widget-heading .elementor-heading-title.elementor-size-xxl{font-size:59px}<\/style><h2 class=\"elementor-heading-title elementor-size-default\">Meet our Clients<\/h2>\t\t<\/div>\n\t\t\t\t<\/div>\n\t\t\t\t<div class=\"elementor-element elementor-element-22f544e2 elementor-widget elementor-widget-text-editor\" data-id=\"22f544e2\" data-element_type=\"widget\" data-widget_type=\"text-editor.default\">\n\t\t\t\t<div class=\"elementor-widget-container\">\n\t\t\t<style>\/*! elementor - v3.13.1 - 09-05-2023 *\/\n.elementor-widget-text-editor.elementor-drop-cap-view-stacked .elementor-drop-cap{background-color:#69727d;color:#fff}.elementor-widget-text-editor.elementor-drop-cap-view-framed .elementor-drop-cap{color:#69727d;border:3px solid;background-color:transparent}.elementor-widget-text-editor:not(.elementor-drop-cap-view-default) .elementor-drop-cap{margin-top:8px}.elementor-widget-text-editor:not(.elementor-drop-cap-view-default) .elementor-drop-cap-letter{width:1em;height:1em}.elementor-widget-text-editor .elementor-drop-cap{float:left;text-align:center;line-height:1;font-size:50px}.elementor-widget-text-editor .elementor-drop-cap-letter{display:inline-block}<\/style>\t\t\t\t<p>We develop solutions for companies in a wide range of sectors, always focusing on the quality of our deliverables.<\/p>\t\t\t\t\t\t<\/div>\n\t\t\t\t<\/div>\n\t\t\t\t\t<\/div>\n\t\t<\/div>\n\t\t\t\t\t\t\t<\/div>\n\t\t<\/section>\n\t\t\t\t\t<\/div>\n\t\t<\/div>\n\t\t\t\t\t\t\t<\/div>\n\t\t<\/section>\n\t\t\t\t<section class=\"elementor-section elementor-top-section elementor-element elementor-element-31d29246 elementor-section-boxed elementor-section-height-default elementor-section-height-default\" data-id=\"31d29246\" data-element_type=\"section\">\n\t\t\t\t\t\t<div class=\"elementor-container elementor-column-gap-default\">\n\t\t\t\t\t<div class=\"elementor-column elementor-col-100 elementor-top-column elementor-element elementor-element-91c7ae0\" data-id=\"91c7ae0\" data-element_type=\"column\">\n\t\t\t<div class=\"elementor-widget-wrap\">\n\t\t\t\t\t\t\t\t\t<\/div>\n\t\t<\/div>\n\t\t\t\t\t\t\t<\/div>\n\t\t<\/section>\n\t\t\t\t<section class=\"elementor-section elementor-top-section elementor-element elementor-element-4dd824e7 elementor-section-boxed elementor-section-height-default elementor-section-height-default\" data-id=\"4dd824e7\" data-element_type=\"section\">\n\t\t\t\t\t\t<div class=\"elementor-container elementor-column-gap-default\">\n\t\t\t\t\t<div class=\"elementor-column elementor-col-100 elementor-top-column elementor-element elementor-element-5f185dfe\" data-id=\"5f185dfe\" data-element_type=\"column\">\n\t\t\t<div class=\"elementor-widget-wrap elementor-element-populated\">\n\t\t\t\t\t\t\t\t<section class=\"elementor-section elementor-inner-section elementor-element elementor-element-342aad93 elementor-section-boxed elementor-section-height-default elementor-section-height-default\" data-id=\"342aad93\" data-element_type=\"section\">\n\t\t\t\t\t\t<div class=\"elementor-container elementor-column-gap-default\">\n\t\t\t\t\t<div class=\"elementor-column elementor-col-100 elementor-inner-column elementor-element elementor-element-51ecbc36\" data-id=\"51ecbc36\" data-element_type=\"column\">\n\t\t\t<div class=\"elementor-widget-wrap elementor-element-populated\">\n\t\t\t\t\t\t\t\t<div class=\"elementor-element elementor-element-50579661 elementor-widget elementor-widget-image\" data-id=\"50579661\" data-element_type=\"widget\" data-widget_type=\"image.default\">\n\t\t\t\t<div class=\"elementor-widget-container\">\n\t\t\t<style>\/*! elementor - v3.13.1 - 09-05-2023 *\/\n.elementor-widget-image{text-align:center}.elementor-widget-image a{display:inline-block}.elementor-widget-image a img[src$=\".svg\"]{width:48px}.elementor-widget-image img{vertical-align:middle;display:inline-block}<\/style>\t\t\t\t\t\t\t\t\t\t\t\t<img loading=\"lazy\" decoding=\"async\" width=\"1536\" height=\"1107\" src=\"https:\/\/portal.icolabora.com.br\/wp-content\/uploads\/2025\/09\/Clientes-ICOLABORA-1.jpg\" class=\"attachment-full size-full wp-image-1378\" alt=\"\" srcset=\"https:\/\/portal.icolabora.com.br\/wp-content\/uploads\/2025\/09\/Clientes-ICOLABORA-1.jpg 1536w, https:\/\/portal.icolabora.com.br\/wp-content\/uploads\/2025\/09\/Clientes-ICOLABORA-1-300x216.jpg 300w, https:\/\/portal.icolabora.com.br\/wp-content\/uploads\/2025\/09\/Clientes-ICOLABORA-1-1024x738.jpg 1024w, https:\/\/portal.icolabora.com.br\/wp-content\/uploads\/2025\/09\/Clientes-ICOLABORA-1-768x554.jpg 768w\" sizes=\"auto, (max-width: 1536px) 100vw, 1536px\" \/>\t\t\t\t\t\t\t\t\t\t\t\t\t\t\t<\/div>\n\t\t\t\t<\/div>\n\t\t\t\t\t<\/div>\n\t\t<\/div>\n\t\t\t\t\t\t\t<\/div>\n\t\t<\/section>\n\t\t\t\t\t<\/div>\n\t\t<\/div>\n\t\t\t\t\t\t\t<\/div>\n\t\t<\/section>\n\t\t\t\t<section class=\"elementor-section elementor-top-section elementor-element elementor-element-b95d58e elementor-section-boxed elementor-section-height-default elementor-section-height-default\" data-id=\"b95d58e\" data-element_type=\"section\">\n\t\t\t\t\t\t<div class=\"elementor-container elementor-column-gap-default\">\n\t\t\t\t\t<div class=\"elementor-column elementor-col-100 elementor-top-column elementor-element elementor-element-d251d84\" data-id=\"d251d84\" data-element_type=\"column\">\n\t\t\t<div class=\"elementor-widget-wrap elementor-element-populated\">\n\t\t\t\t\t\t\t\t<section class=\"elementor-section elementor-inner-section elementor-element elementor-element-1afec32 elementor-section-boxed elementor-section-height-default elementor-section-height-default\" data-id=\"1afec32\" data-element_type=\"section\">\n\t\t\t\t\t\t<div class=\"elementor-container elementor-column-gap-default\">\n\t\t\t\t\t<div class=\"elementor-column elementor-col-33 elementor-inner-column elementor-element elementor-element-020c1ce\" data-id=\"020c1ce\" data-element_type=\"column\">\n\t\t\t<div class=\"elementor-widget-wrap elementor-element-populated\">\n\t\t\t\t\t\t\t\t<div class=\"elementor-element elementor-element-ef3d524 elementor-widget__width-initial elementor-widget elementor-widget-text-editor\" data-id=\"ef3d524\" data-element_type=\"widget\" data-widget_type=\"text-editor.default\">\n\t\t\t\t<div class=\"elementor-widget-container\">\n\t\t\t\t\t\t\t<ul><li><h5>Anatel<\/h5><\/li><\/ul><ul><li><h5>SKY<\/h5><\/li><\/ul><ul><li><h5>DirecTV Go<\/h5><\/li><\/ul><ul><li><h5>Telephone<\/h5><\/li><\/ul><ul><li><h5>Alive<\/h5><\/li><\/ul><ul><li><h5>Of course<\/h5><\/li><\/ul><ul><li><h5>Hi telecom<\/h5><\/li><\/ul><ul><li><h5>Tim<\/h5><\/li><\/ul><ul><li><h5>EloGroup<\/h5><\/li><\/ul><ul><li><h5>Teleperformance<\/h5><\/li><\/ul>\t\t\t\t\t\t<\/div>\n\t\t\t\t<\/div>\n\t\t\t\t\t<\/div>\n\t\t<\/div>\n\t\t\t\t<div class=\"elementor-column elementor-col-33 elementor-inner-column elementor-element elementor-element-ad3203a\" data-id=\"ad3203a\" data-element_type=\"column\">\n\t\t\t<div class=\"elementor-widget-wrap elementor-element-populated\">\n\t\t\t\t\t\t\t\t<div class=\"elementor-element elementor-element-dd25d8a elementor-widget elementor-widget-text-editor\" data-id=\"dd25d8a\" data-element_type=\"widget\" data-widget_type=\"text-editor.default\">\n\t\t\t\t<div class=\"elementor-widget-container\">\n\t\t\t\t\t\t\t<ul style=\"font-size: 16px; background: #ffffff;\"><li style=\"font-size: 16px;\"><h5>Attentive<\/h5><\/li><li style=\"font-size: 16px;\"><h5>AeC<\/h5><\/li><li style=\"font-size: 16px;\"><h5>Liq<\/h5><\/li><li style=\"font-size: 16px;\"><h5>C6Bank<\/h5><\/li><li style=\"font-size: 16px;\"><h5>BRB Bank of Brasilia<\/h5><\/li><li style=\"font-size: 16px;\"><h5>BMG Bank<\/h5><\/li><li style=\"font-size: 16px;\"><h5>Big<\/h5><\/li><li style=\"font-size: 16px;\"><h5>Via<\/h5><\/li><li style=\"font-size: 16px;\"><h5>Bradescard<\/h5><\/li><li style=\"font-size: 16px;\"><h5>Omni bank<\/h5><\/li><\/ul>\t\t\t\t\t\t<\/div>\n\t\t\t\t<\/div>\n\t\t\t\t\t<\/div>\n\t\t<\/div>\n\t\t\t\t<div class=\"elementor-column elementor-col-33 elementor-inner-column elementor-element elementor-element-74fdaa1\" data-id=\"74fdaa1\" data-element_type=\"column\">\n\t\t\t<div class=\"elementor-widget-wrap elementor-element-populated\">\n\t\t\t\t\t\t\t\t<div class=\"elementor-element elementor-element-39f0bf0 elementor-widget__width-initial elementor-widget elementor-widget-text-editor\" data-id=\"39f0bf0\" data-element_type=\"widget\" data-widget_type=\"text-editor.default\">\n\t\t\t\t<div class=\"elementor-widget-container\">\n\t\t\t\t\t\t\t<ul style=\"font-size: 16px; background: #ffffff;\"><li style=\"font-size: 16px;\"><h5>Accenture<\/h5><\/li><li style=\"font-size: 16px;\"><h5><span style=\"background-color: transparent;\">FAAE Group<\/span><\/h5><\/li><li style=\"font-size: 16px;\"><h5>Jardiplan<\/h5><\/li><li style=\"font-size: 16px;\"><h5>Cataguases<\/h5><\/li><li style=\"font-size: 16px;\"><h5>NIO<\/h5><\/li><li style=\"font-size: 16px;\"><h5>True<\/h5><\/li><li style=\"font-size: 16px;\"><h5>Miletus<\/h5><\/li><li style=\"font-size: 16px;\"><h5>Allahu<\/h5><\/li><li style=\"font-size: 16px;\"><h5>NeoEnergia<\/h5><\/li><li style=\"font-size: 16px;\"><h5>Porto Alegre City Hall<\/h5><\/li><li style=\"font-size: 16px;\"><h5>IPASGO Health.<\/h5><\/li><\/ul>\t\t\t\t\t\t<\/div>\n\t\t\t\t<\/div>\n\t\t\t\t\t<\/div>\n\t\t<\/div>\n\t\t\t\t\t\t\t<\/div>\n\t\t<\/section>\n\t\t\t\t\t<\/div>\n\t\t<\/div>\n\t\t\t\t\t\t\t<\/div>\n\t\t<\/section>\n\t\t\t\t\t\t\t<\/div>","protected":false},"excerpt":{"rendered":"<p>Conhe\u00e7a nossos Clientes Desenvolvemos solu\u00e7\u00f5es para empresas dos mais diversos segmentos, sempre pensando na qualidade de nossas entregas. Anatel SKY DirecTV Go Telefonica Vivo Claro Oi telecom Tim EloGroup Teleperformance Atento AeC Liq C6Bank BRB Banco de Brasilia Banco BMG Big Via Bradescard Omni bank Accenture Grupo FAAE Jardiplan Cataguases NIO Vero Mileto Alloha NeoEnergia [&hellip;]<\/p>","protected":false},"author":3,"featured_media":0,"parent":0,"menu_order":0,"comment_status":"closed","ping_status":"closed","template":"","meta":{"inline_featured_image":false,"footnotes":""},"class_list":["post-1440","page","type-page","status-publish","hentry"],"_links":{"self":[{"href":"https:\/\/portal.icolabora.com.br\/en\/wp-json\/wp\/v2\/pages\/1440","targetHints":{"allow":["GET"]}}],"collection":[{"href":"https:\/\/portal.icolabora.com.br\/en\/wp-json\/wp\/v2\/pages"}],"about":[{"href":"https:\/\/portal.icolabora.com.br\/en\/wp-json\/wp\/v2\/types\/page"}],"author":[{"embeddable":true,"href":"https:\/\/portal.icolabora.com.br\/en\/wp-json\/wp\/v2\/users\/3"}],"replies":[{"embeddable":true,"href":"https:\/\/portal.icolabora.com.br\/en\/wp-json\/wp\/v2\/comments?post=1440"}],"version-history":[{"count":10,"href":"https:\/\/portal.icolabora.com.br\/en\/wp-json\/wp\/v2\/pages\/1440\/revisions"}],"predecessor-version":[{"id":1456,"href":"https:\/\/portal.icolabora.com.br\/en\/wp-json\/wp\/v2\/pages\/1440\/revisions\/1456"}],"wp:attachment":[{"href":"https:\/\/portal.icolabora.com.br\/en\/wp-json\/wp\/v2\/media?parent=1440"}],"curies":[{"name":"wp","href":"https:\/\/api.w.org\/{rel}","templated":true}]}}